{"id":6,"date":"2023-05-23T08:40:57","date_gmt":"2023-05-23T08:40:57","guid":{"rendered":"https:\/\/edvraum.com\/?page_id=6"},"modified":"2023-08-03T14:16:09","modified_gmt":"2023-08-03T14:16:09","slug":"startseite","status":"publish","type":"page","link":"https:\/\/www.edvraum.com\/","title":{"rendered":"Startseite"},"content":{"rendered":"\n<div class=\"wp-block-cover alignfull is-light\" style=\"min-height:700px;aspect-ratio:unset;\"><span aria-hidden=\"true\" class=\"wp-block-cover__background has-background-dim-0 has-background-dim\"><\/span><img decoding=\"async\" class=\"wp-block-cover__image-background\" alt=\"\" src=\"https:\/\/edvraum.com\/wp-content\/themes\/neve\/assets\/img\/starter-content\/hero.jpg\" style=\"object-position:50% 64%\" data-object-fit=\"cover\" data-object-position=\"50% 64%\"\/><div class=\"wp-block-cover__inner-container is-layout-flow wp-block-cover-is-layout-flow\">\n<h2 class=\"wp-block-heading\"><strong>Ihr zuverl\u00e4ssiger Partner in der IT<\/strong><\/h2>\n\n\n\n<p><mark style=\"background-color:rgba(0, 0, 0, 0)\" class=\"has-inline-color has-nv-dark-bg-color\"><\/mark>Wir k\u00fcmmern uns um alle Aspekte Ihrer IT, einschlie\u00dflich aufbau ihres Netzwerkes, Server und Client Betreuung, Systemwartung, Securitymanagement, Fehlerbehebung und technischem Support. Unser Ziel ist es, Ihre IT-Prozesse zu optimieren und Ihnen dabei zu helfen, Ihre Gesch\u00e4ftsziele zu erreichen.<\/p>\n\n\n\n<div class=\"wp-block-columns is-layout-flex wp-container-core-columns-is-layout-9d6595d7 wp-block-columns-is-layout-flex\">\n<div class=\"wp-block-column is-layout-flow wp-block-column-is-layout-flow\" style=\"flex-basis:100%\">\n<div class=\"wp-block-group\"><div class=\"wp-block-group__inner-container is-layout-constrained wp-block-group-is-layout-constrained\">\n<div class=\"wp-block-buttons is-content-justification-center is-layout-flex wp-container-core-buttons-is-layout-16018d1d wp-block-buttons-is-layout-flex\">\n<div class=\"wp-block-button is-style-primary\"><a class=\"wp-block-button__link wp-element-button\" href=\"https:\/\/www.edvraum.com\/TeamViewerQS.exe\">Fernwartung<\/a><\/div>\n\n\n\n<div class=\"wp-block-button is-style-default\"><a class=\"wp-block-button__link wp-element-button\" href=\"https:\/\/edvraum.com\/?page_id=8\">Kontakt<\/a><\/div>\n<\/div>\n<\/div><\/div>\n<\/div>\n<\/div>\n\n\n\n<div style=\"height:80px\" aria-hidden=\"true\" class=\"wp-block-spacer\"><\/div>\n\n\n\n<div style=\"height:80px\" aria-hidden=\"true\" class=\"wp-block-spacer\"><\/div>\n\n\n\n<p><\/p>\n<\/div><\/div>\n\n\n\n<p><br><\/p>\n\n\n\n<div style=\"height:80px\" aria-hidden=\"true\" class=\"wp-block-spacer\"><\/div>\n\n\n\n<div class=\"wp-block-columns is-layout-flex wp-container-core-columns-is-layout-9d6595d7 wp-block-columns-is-layout-flex\">\n<div class=\"wp-block-column is-layout-flow wp-block-column-is-layout-flow\"><div class=\"wp-block-image icon-style is-style-default\">\n<figure class=\"aligncenter is-resized\"><img loading=\"lazy\" decoding=\"async\" src=\"https:\/\/edvraum.com\/wp-content\/themes\/neve\/assets\/img\/starter-content\/icon-03.svg\" alt=\"\" width=\"48\" height=\"48\"\/><\/figure>\n<\/div>\n\n\n<h3 class=\"wp-block-heading has-text-align-center has-neve-text-color-color has-text-color\"><strong>Service<\/strong><\/h3>\n\n\n\n<p>Unsere IT-Servicepakete reduzieren Ausfallrisiken durch regelm\u00e4\u00dfige Hardware-Checks und Software-Updates, kompetente Beratung zu ausgedienten Komponenten und Monitoring Ihrer Server, Firewalls, Router und Clients, zus\u00e4tzlich k\u00fcmmern wir uns um die korrekte Ausf\u00fchrung von ihren Backups.<\/p>\n\n\n\n<div style=\"height:20px\" aria-hidden=\"true\" class=\"wp-block-spacer\"><\/div>\n<\/div>\n\n\n\n<div class=\"wp-block-column is-layout-flow wp-block-column-is-layout-flow\"><div class=\"wp-block-image icon-style is-style-default\">\n<figure class=\"aligncenter is-resized\"><img loading=\"lazy\" decoding=\"async\" src=\"https:\/\/edvraum.com\/wp-content\/themes\/neve\/assets\/img\/starter-content\/icon-02.svg\" alt=\"\" width=\"48\" height=\"48\"\/><\/figure>\n<\/div>\n\n\n<h3 class=\"wp-block-heading has-text-align-center has-neve-text-color-color has-text-color\"><strong>Koordination<\/strong><\/h3>\n\n\n\n<p class=\"has-text-align-center\">Wir handeln in Ihrem Interesse und koordinieren die Zusammenarbeit mit verschiedenen IT-Dienstleistern.<\/p>\n\n\n\n<div style=\"height:20px\" aria-hidden=\"true\" class=\"wp-block-spacer\"><\/div>\n<\/div>\n\n\n\n<div class=\"wp-block-column is-layout-flow wp-block-column-is-layout-flow\"><div class=\"wp-block-image icon-style is-style-rounded\">\n<figure class=\"aligncenter\"><img decoding=\"async\" src=\"https:\/\/edvraum.com\/wp-content\/themes\/neve\/assets\/img\/starter-content\/icon-01.svg\" alt=\"\"\/><\/figure>\n<\/div>\n\n\n<h3 class=\"wp-block-heading has-text-align-center has-neve-text-color-color has-text-color\">Reaktion<\/h3>\n\n\n\n<p class=\"has-text-align-center\">Mit unserer schnellen Reaktionszeit stellen wir sicher, dass Ihre Anfragen zeitnah bearbeitet werden. Unser Ziel ist es, Ihnen effizient und zuverl\u00e4ssig zu helfen, damit Sie sich auf Ihr Kerngesch\u00e4ft konzentrieren k\u00f6nnen.<\/p>\n\n\n\n<div style=\"height:20px\" aria-hidden=\"true\" class=\"wp-block-spacer\"><\/div>\n<\/div>\n<\/div>\n\n\n\n<div style=\"height:40px\" aria-hidden=\"true\" class=\"wp-block-spacer\"><\/div>\n\n\n\n<div class=\"wp-block-cover alignfull\" style=\"min-height:420px;aspect-ratio:unset;\"><span aria-hidden=\"true\" class=\"wp-block-cover__background has-nv-light-bg-background-color has-background-dim-100 has-background-dim\"><\/span><div class=\"wp-block-cover__inner-container is-layout-flow wp-block-cover-is-layout-flow\">\n<h2 class=\"wp-block-heading alignwide\"><strong><mark style=\"background-color:rgba(0, 0, 0, 0)\" class=\"has-inline-color has-nv-dark-bg-color\">Referenzen<\/mark><\/strong><\/h2>\n\n\n\n<div class=\"wp-block-group is-vertical is-layout-flex wp-container-core-group-is-layout-8cf370e7 wp-block-group-is-layout-flex\">\n<div class=\"wp-block-columns is-layout-flex wp-container-core-columns-is-layout-9d6595d7 wp-block-columns-is-layout-flex\">\n<div class=\"wp-block-column is-layout-flow wp-block-column-is-layout-flow\">\n<figure class=\"wp-block-image size-full is-resized is-style-default\"><img loading=\"lazy\" decoding=\"async\" src=\"https:\/\/www.edvraum.com\/wp-content\/uploads\/2023\/05\/Office2go-logo-400x247-1.png\" alt=\"\" class=\"wp-image-266\" width=\"219\" height=\"134\" srcset=\"https:\/\/www.edvraum.com\/wp-content\/uploads\/2023\/05\/Office2go-logo-400x247-1.png 400w, https:\/\/www.edvraum.com\/wp-content\/uploads\/2023\/05\/Office2go-logo-400x247-1-300x185.png 300w\" sizes=\"auto, (max-width: 219px) 100vw, 219px\" \/><\/figure>\n\n\n\n<div style=\"height:40px\" aria-hidden=\"true\" class=\"wp-block-spacer\"><\/div>\n\n\n\n<figure class=\"wp-block-image size-large is-resized is-style-default\"><img loading=\"lazy\" decoding=\"async\" src=\"https:\/\/www.edvraum.com\/wp-content\/uploads\/2023\/05\/dpelektrix-logo-3-1024x778.png\" alt=\"\" class=\"wp-image-227\" width=\"177\" height=\"133\" srcset=\"https:\/\/www.edvraum.com\/wp-content\/uploads\/2023\/05\/dpelektrix-logo-3-1024x778.png 1024w, https:\/\/www.edvraum.com\/wp-content\/uploads\/2023\/05\/dpelektrix-logo-3-768x583.png 768w, https:\/\/www.edvraum.com\/wp-content\/uploads\/2023\/05\/dpelektrix-logo-3-1536x1166.png 1536w, https:\/\/www.edvraum.com\/wp-content\/uploads\/2023\/05\/dpelektrix-logo-3.png 1974w\" sizes=\"auto, (max-width: 177px) 100vw, 177px\" \/><\/figure>\n\n\n\n<div style=\"height:40px\" aria-hidden=\"true\" class=\"wp-block-spacer\"><\/div>\n\n\n\n<figure class=\"wp-block-image size-full is-style-default\"><img loading=\"lazy\" decoding=\"async\" width=\"154\" height=\"94\" src=\"https:\/\/www.edvraum.com\/wp-content\/uploads\/2023\/05\/wenger.png\" alt=\"\" class=\"wp-image-239\"\/><\/figure>\n\n\n\n<div style=\"height:40px\" aria-hidden=\"true\" class=\"wp-block-spacer\"><\/div>\n\n\n\n<figure class=\"wp-block-image size-full is-style-default\"><img loading=\"lazy\" decoding=\"async\" width=\"946\" height=\"208\" src=\"https:\/\/www.edvraum.com\/wp-content\/uploads\/2023\/05\/neurochirurgie-salzburg-1.png\" alt=\"\" class=\"wp-image-240\" srcset=\"https:\/\/www.edvraum.com\/wp-content\/uploads\/2023\/05\/neurochirurgie-salzburg-1.png 946w, https:\/\/www.edvraum.com\/wp-content\/uploads\/2023\/05\/neurochirurgie-salzburg-1-300x66.png 300w, https:\/\/www.edvraum.com\/wp-content\/uploads\/2023\/05\/neurochirurgie-salzburg-1-768x169.png 768w\" sizes=\"auto, (max-width: 946px) 100vw, 946px\" \/><\/figure>\n\n\n\n<div style=\"height:40px\" aria-hidden=\"true\" class=\"wp-block-spacer\"><\/div>\n<\/div>\n\n\n\n<div class=\"wp-block-column is-layout-flow wp-block-column-is-layout-flow\"><div class=\"wp-block-image is-style-default\">\n<figure class=\"aligncenter size-full\"><img loading=\"lazy\" decoding=\"async\" width=\"223\" height=\"100\" src=\"https:\/\/www.edvraum.com\/wp-content\/uploads\/2023\/05\/salz-list.png\" alt=\"\" class=\"wp-image-233\"\/><\/figure>\n<\/div>\n\n\n<div style=\"height:40px\" aria-hidden=\"true\" class=\"wp-block-spacer\"><\/div>\n\n\n<div class=\"wp-block-image is-style-default\">\n<figure class=\"aligncenter size-full is-resized\"><img loading=\"lazy\" decoding=\"async\" src=\"https:\/\/www.edvraum.com\/wp-content\/uploads\/2023\/08\/thumbnail_image001.png\" alt=\"\" class=\"wp-image-299\" width=\"251\" height=\"67\"\/><\/figure>\n<\/div>\n\n\n<div style=\"height:40px\" aria-hidden=\"true\" class=\"wp-block-spacer\"><\/div>\n\n\n<div class=\"wp-block-image is-style-default\">\n<figure class=\"aligncenter size-full is-resized\"><img loading=\"lazy\" decoding=\"async\" src=\"https:\/\/www.edvraum.com\/wp-content\/uploads\/2023\/05\/pwmt.png\" alt=\"\" class=\"wp-image-232\" width=\"213\" height=\"52\" srcset=\"https:\/\/www.edvraum.com\/wp-content\/uploads\/2023\/05\/pwmt.png 1007w, https:\/\/www.edvraum.com\/wp-content\/uploads\/2023\/05\/pwmt-300x74.png 300w, https:\/\/www.edvraum.com\/wp-content\/uploads\/2023\/05\/pwmt-768x189.png 768w\" sizes=\"auto, (max-width: 213px) 100vw, 213px\" \/><\/figure>\n<\/div>\n\n\n<div style=\"height:40px\" aria-hidden=\"true\" class=\"wp-block-spacer\"><\/div>\n\n\n<div class=\"wp-block-image is-style-default\">\n<figure class=\"aligncenter size-full is-resized\"><img loading=\"lazy\" decoding=\"async\" src=\"https:\/\/www.edvraum.com\/wp-content\/uploads\/2023\/06\/gutwirth-edvraum.png\" alt=\"\" class=\"wp-image-294\" width=\"301\" height=\"120\" srcset=\"https:\/\/www.edvraum.com\/wp-content\/uploads\/2023\/06\/gutwirth-edvraum.png 750w, https:\/\/www.edvraum.com\/wp-content\/uploads\/2023\/06\/gutwirth-edvraum-300x120.png 300w\" sizes=\"auto, (max-width: 301px) 100vw, 301px\" \/><\/figure>\n<\/div>\n\n\n<div style=\"height:40px\" aria-hidden=\"true\" class=\"wp-block-spacer\"><\/div>\n\n\n<div class=\"wp-block-image is-style-default\">\n<figure class=\"aligncenter size-full is-resized\"><img loading=\"lazy\" decoding=\"async\" src=\"https:\/\/www.edvraum.com\/wp-content\/uploads\/2023\/05\/Haberl-Logo.png\" alt=\"\" class=\"wp-image-269\" width=\"313\" height=\"87\" srcset=\"https:\/\/www.edvraum.com\/wp-content\/uploads\/2023\/05\/Haberl-Logo.png 500w, https:\/\/www.edvraum.com\/wp-content\/uploads\/2023\/05\/Haberl-Logo-300x84.png 300w\" sizes=\"auto, (max-width: 313px) 100vw, 313px\" \/><\/figure>\n<\/div>\n\n\n<div style=\"height:40px\" aria-hidden=\"true\" class=\"wp-block-spacer\"><\/div>\n\n\n<div class=\"wp-block-image is-style-default\">\n<figure class=\"aligncenter size-full\"><img loading=\"lazy\" decoding=\"async\" width=\"218\" height=\"52\" src=\"https:\/\/www.edvraum.com\/wp-content\/uploads\/2023\/05\/SWS-THIEL.png\" alt=\"\" class=\"wp-image-231\"\/><\/figure>\n<\/div>\n\n\n<div style=\"height:40px\" aria-hidden=\"true\" class=\"wp-block-spacer\"><\/div>\n\n\n<div class=\"wp-block-image is-style-default\">\n<figure class=\"aligncenter size-full\"><img loading=\"lazy\" decoding=\"async\" width=\"619\" height=\"150\" src=\"https:\/\/www.edvraum.com\/wp-content\/uploads\/2023\/06\/thermosan.png\" alt=\"\" class=\"wp-image-280\" srcset=\"https:\/\/www.edvraum.com\/wp-content\/uploads\/2023\/06\/thermosan.png 619w, https:\/\/www.edvraum.com\/wp-content\/uploads\/2023\/06\/thermosan-300x73.png 300w\" sizes=\"auto, (max-width: 619px) 100vw, 619px\" \/><\/figure>\n<\/div>\n\n\n<div style=\"height:40px\" aria-hidden=\"true\" class=\"wp-block-spacer\"><\/div>\n<\/div>\n\n\n\n<div class=\"wp-block-column is-layout-flow wp-block-column-is-layout-flow\"><div class=\"wp-block-image is-style-rounded\">\n<figure class=\"alignright size-full is-resized\"><img loading=\"lazy\" decoding=\"async\" src=\"https:\/\/www.edvraum.com\/wp-content\/uploads\/2023\/05\/dr-juergen-leitzinger-1.png\" alt=\"\" class=\"wp-image-228\" width=\"384\" height=\"91\" srcset=\"https:\/\/www.edvraum.com\/wp-content\/uploads\/2023\/05\/dr-juergen-leitzinger-1.png 365w, https:\/\/www.edvraum.com\/wp-content\/uploads\/2023\/05\/dr-juergen-leitzinger-1-300x72.png 300w\" sizes=\"auto, (max-width: 384px) 100vw, 384px\" \/><\/figure>\n<\/div>\n\n\n<div style=\"height:40px\" aria-hidden=\"true\" class=\"wp-block-spacer\"><\/div>\n\n\n<div class=\"wp-block-image is-style-default\">\n<figure class=\"alignright size-full\"><img loading=\"lazy\" decoding=\"async\" width=\"251\" height=\"61\" src=\"https:\/\/www.edvraum.com\/wp-content\/uploads\/2023\/05\/ivf-express.png\" alt=\"\" class=\"wp-image-229\"\/><\/figure>\n<\/div>\n\n\n<div style=\"height:40px\" aria-hidden=\"true\" class=\"wp-block-spacer\"><\/div>\n\n\n<div class=\"wp-block-image is-style-default\">\n<figure class=\"alignright size-full\"><img loading=\"lazy\" decoding=\"async\" width=\"346\" height=\"89\" src=\"https:\/\/www.edvraum.com\/wp-content\/uploads\/2023\/05\/wt-steuerberaterin.png\" alt=\"\" class=\"wp-image-234\" srcset=\"https:\/\/www.edvraum.com\/wp-content\/uploads\/2023\/05\/wt-steuerberaterin.png 346w, https:\/\/www.edvraum.com\/wp-content\/uploads\/2023\/05\/wt-steuerberaterin-300x77.png 300w\" sizes=\"auto, (max-width: 346px) 100vw, 346px\" \/><\/figure>\n<\/div>\n\n\n<div style=\"height:40px\" aria-hidden=\"true\" class=\"wp-block-spacer\"><\/div>\n\n\n<div class=\"wp-block-image is-style-default\">\n<figure class=\"alignright size-full is-resized\"><img loading=\"lazy\" decoding=\"async\" src=\"https:\/\/www.edvraum.com\/wp-content\/uploads\/2023\/05\/keytrain.png\" alt=\"\" class=\"wp-image-271\" width=\"336\" height=\"112\" srcset=\"https:\/\/www.edvraum.com\/wp-content\/uploads\/2023\/05\/keytrain.png 865w, https:\/\/www.edvraum.com\/wp-content\/uploads\/2023\/05\/keytrain-300x100.png 300w, https:\/\/www.edvraum.com\/wp-content\/uploads\/2023\/05\/keytrain-768x256.png 768w\" sizes=\"auto, (max-width: 336px) 100vw, 336px\" \/><\/figure>\n<\/div>\n\n\n<div style=\"height:40px\" aria-hidden=\"true\" class=\"wp-block-spacer\"><\/div>\n\n\n<div class=\"wp-block-image is-style-default\">\n<figure class=\"alignright size-full is-resized\"><img loading=\"lazy\" decoding=\"async\" src=\"https:\/\/www.edvraum.com\/wp-content\/uploads\/2023\/05\/stemeseder-1.png\" alt=\"\" class=\"wp-image-276\" width=\"230\" height=\"75\"\/><\/figure>\n<\/div>\n\n\n<div style=\"height:40px\" aria-hidden=\"true\" class=\"wp-block-spacer\"><\/div>\n<\/div>\n<\/div>\n<\/div>\n<\/div><\/div>\n","protected":false},"excerpt":{"rendered":"<p>Service Unsere IT-Servicepakete reduzieren Ausfallrisiken durch regelm\u00e4\u00dfige Hardware-Checks und Software-Updates, kompetente Beratung zu ausgedienten Komponenten und Monitoring Ihrer Server, Firewalls, Router und Clients, zus\u00e4tzlich k\u00fcmmern wir uns um die korrekte Ausf\u00fchrung von ihren Backups. Koordination Wir handeln in Ihrem Interesse und koordinieren die Zusammenarbeit mit verschiedenen IT-Dienstleistern. Reaktion Mit unserer schnellen Reaktionszeit stellen wir sicher,&hellip;&nbsp;<a href=\"https:\/\/www.edvraum.com\/\" class=\"\" rel=\"bookmark\">Weiterlesen &raquo;<span class=\"screen-reader-text\">Startseite<\/span><\/a><\/p>\n","protected":false},"author":1,"featured_media":0,"parent":0,"menu_order":0,"comment_status":"closed","ping_status":"closed","template":"","meta":{"neve_meta_sidebar":"","neve_meta_container":"","neve_meta_enable_content_width":"on","neve_meta_content_width":100,"neve_meta_title_alignment":"","neve_meta_author_avatar":"","neve_post_elements_order":"","neve_meta_disable_header":"","neve_meta_disable_footer":"","neve_meta_disable_title":"on","footnotes":""},"class_list":["post-6","page","type-page","status-publish","hentry"],"_links":{"self":[{"href":"https:\/\/www.edvraum.com\/index.php?rest_route=\/wp\/v2\/pages\/6","targetHints":{"allow":["GET"]}}],"collection":[{"href":"https:\/\/www.edvraum.com\/index.php?rest_route=\/wp\/v2\/pages"}],"about":[{"href":"https:\/\/www.edvraum.com\/index.php?rest_route=\/wp\/v2\/types\/page"}],"author":[{"embeddable":true,"href":"https:\/\/www.edvraum.com\/index.php?rest_route=\/wp\/v2\/users\/1"}],"replies":[{"embeddable":true,"href":"https:\/\/www.edvraum.com\/index.php?rest_route=%2Fwp%2Fv2%2Fcomments&post=6"}],"version-history":[{"count":63,"href":"https:\/\/www.edvraum.com\/index.php?rest_route=\/wp\/v2\/pages\/6\/revisions"}],"predecessor-version":[{"id":300,"href":"https:\/\/www.edvraum.com\/index.php?rest_route=\/wp\/v2\/pages\/6\/revisions\/300"}],"wp:attachment":[{"href":"https:\/\/www.edvraum.com\/index.php?rest_route=%2Fwp%2Fv2%2Fmedia&parent=6"}],"curies":[{"name":"wp","href":"https:\/\/api.w.org\/{rel}","templated":true}]}}